{"id":54,"date":"2011-02-02T14:03:55","date_gmt":"2011-02-02T14:03:55","guid":{"rendered":"http:\/\/bigdyspro.de\/de\/?page_id=54"},"modified":"2012-12-25T17:12:28","modified_gmt":"2012-12-25T16:12:28","slug":"team","status":"publish","type":"page","link":"http:\/\/bigdyspro.de\/de\/?page_id=54","title":{"rendered":"Team"},"content":{"rendered":"<p>&nbsp;<\/p>\n<p>&nbsp;<\/p>\n<table border=\"0\" cellspacing=\"0\" cellpadding=\"0\">\n<tbody>\n<tr>\n<td valign=\"top\" width=\"295\"><strong>Holger Nahrstaedt<\/strong><br \/>\nDipl-Ing. Holger Nahrsteadt hat sein Studium der Elektrotechnik an der TU-Berlin absolviert. Seine Diplomarbeit hat er im Bereich der Medizintechnik geschrieben. Direkt im Anschluss begann er im Fachgebiet Regelungssysteme an der TU Berlin zu promovieren. Im Rahmen des Projektes hat er das Messsystem f\u00fcr die Bioimpedanz entworfen, er entwickelte auch die notwendige Signalverarbeitung und besch\u00e4ftigt sich mit der Schluckerkennung.<br \/>\n<a href=\"http:\/\/www.control.tu-berlin.de\/User:Holger_Nahrstaedt\" target=\"_blank\" class=\"broken_link\">www.control.tu-berlin.de\/User:Holger_Nahrstaedt<\/a><\/td>\n<td width=\"135\"><img loading=\"lazy\" class=\"wp-image-145 aligncenter\" title=\"Holger Nahrstaedt\" alt=\"\" src=\"http:\/\/bigdyspro.de\/de\/wp-content\/uploads\/2011\/02\/b_holger_nahrstaedt.jpg\" width=\"125\" height=\"160\" \/><\/td>\n<\/tr>\n<tr>\n<td style=\"border-bottom: 1px solid #ffffff;\" height=\"15\"><\/td>\n<td style=\"border-bottom: 1px solid #ffffff;\"><\/td>\n<\/tr>\n<tr>\n<td height=\"15\"><\/td>\n<td><\/td>\n<\/tr>\n<tr>\n<td valign=\"top\"><strong>Thomas Schauer<\/strong><br \/>\nDr. Thomas Schauer ist wissenschaftlicher Mitarbeiter am Fachgebiet Regelungssysteme an der Technischen Universit\u00e4t Berlin. Er leitet dort die Arbeitsgruppe Technische Assistenzsysteme in der Medizin. Hauptarbeitsgebiete sind die neurologische Rehabilitation und dort im Speziellen die geregelte Funktionelle Elektrostimulation (FES). Im Verbundvorhaben BigDysPro koordiniert er die technische Entwicklung der Mess-, Stimulations- und Regelsysteme an der TU Berlin.<br \/>\n<a href=\"http:\/\/www.control.tu-berlin.de\/User:Thomas_Schauer\" target=\"_blank\">www.control.tu-berlin.de\/User:Thomas_Schauer<\/a><\/td>\n<td><img loading=\"lazy\" class=\"wp-image-147 aligncenter\" title=\"Dr. Thomas Schauer\" alt=\"\" src=\"http:\/\/bigdyspro.de\/de\/wp-content\/uploads\/2011\/02\/b_thomas_schauer1.jpg\" width=\"125\" height=\"160\" \/><\/td>\n<\/tr>\n<tr>\n<td style=\"border-bottom: 1px solid #ffffff;\" height=\"15\"><\/td>\n<td style=\"border-bottom: 1px solid #ffffff;\"><\/td>\n<\/tr>\n<tr>\n<td height=\"15\"><\/td>\n<td><\/td>\n<\/tr>\n<tr>\n<td valign=\"top\"><strong>Corinna Schultheiss<\/strong><br \/>\nDiplom Patholinguistin Corinna Schultheiss ist seit 2010 im Rahmen des BigDysPro-Projekts an der Forschungsabteilung der HNO-Klinik des Unfallkrankenhauses angestellt. Seit 2000 examinierte Krankenschwester und seit 2009 diplomierte Sprachtherapeutin. Sie ist f\u00fcr die Evaluation des Messsystems verantwortlich.<br \/>\n<a href=\"http:\/\/www.control.tu-berlin.de\/User:Corinna_Schultheiss\" target=\"_blank\" class=\"broken_link\">www.control.tu-berlin.de\/User:Corinna_Schultheiss<\/a><\/td>\n<td><img loading=\"lazy\" class=\"size-full wp-image-144 aligncenter\" title=\"Corinna Schultheiss\" alt=\"\" src=\"http:\/\/bigdyspro.de\/de\/wp-content\/uploads\/2011\/02\/b_corinna_schultheiss.jpg\" width=\"125\" height=\"160\" \/><\/td>\n<\/tr>\n<tr>\n<td style=\"border-bottom: 1px solid #ffffff;\" height=\"15\"><\/td>\n<td style=\"border-bottom: 1px solid #ffffff;\"><\/td>\n<\/tr>\n<tr>\n<td height=\"15\"><\/td>\n<td><\/td>\n<\/tr>\n<tr>\n<td valign=\"top\">\n<p style=\"text-align: left;\"><strong>Rainer Seidl<\/strong><br \/>\nPrivatdozent Dr. Rainer O. Seidl ist stellvertretender Klinikdirektor an der Klink f\u00fcr Hals-Nasen-Ohrenkranheiten am Unfallkrankenhaus Berlin. Er besch\u00e4ftigt sich bereits seit vielen Jahren intensiv mit Schluckst\u00f6rungen und ist f\u00fcr die medizinische Seite des Projekts zust\u00e4ndig.<br \/>\n<a title=\"Schlucksprechstunde\" href=\"http:\/\/www.schlucksprechstunde.de\" target=\"_blank\">www.schlucksprechstunde.de<br \/>\n<\/a><a title=\"Atemabh\u00e4ngige Bauchmuskelstimulation\" href=\"http:\/\/www.abdomenstim.de\" target=\"_blank\">www.abdomenstim.de<\/a><\/p>\n<\/td>\n<td><a href=\"http:\/\/bigdyspro.de\/de\/wp-content\/uploads\/2012\/12\/Prot-Seidl.jpg\" rel=\"prettyPhoto[g54]\"><img loading=\"lazy\" class=\"size-medium wp-image-552 aligncenter\" alt=\"Protr\u00e4t Seidl\" src=\"http:\/\/bigdyspro.de\/de\/wp-content\/uploads\/2012\/12\/Prot-Seidl-195x300.jpg\" width=\"105\" height=\"162\" srcset=\"http:\/\/bigdyspro.de\/de\/wp-content\/uploads\/2012\/12\/Prot-Seidl-195x300.jpg 195w, http:\/\/bigdyspro.de\/de\/wp-content\/uploads\/2012\/12\/Prot-Seidl-665x1024.jpg 665w, http:\/\/bigdyspro.de\/de\/wp-content\/uploads\/2012\/12\/Prot-Seidl.jpg 1783w\" sizes=\"(max-width: 105px) 100vw, 105px\" \/><\/a><\/td>\n<\/tr>\n<tr>\n<td height=\"15\"><\/td>\n<td><\/td>\n<\/tr>\n<\/tbody>\n<\/table>\n","protected":false},"excerpt":{"rendered":"<p>&nbsp; &nbsp; Holger Nahrstaedt Dipl-Ing. Holger Nahrsteadt hat sein Studium der Elektrotechnik an der TU-Berlin absolviert. Seine Diplomarbeit hat er im Bereich der Medizintechnik geschrieben. Direkt im Anschluss begann er im Fachgebiet Regelungssysteme an der TU Berlin zu promovieren. Im Rahmen des Projektes hat er das Messsystem f\u00fcr die Bioimpedanz entworfen, er entwickelte auch die [&hellip;]<\/p>\n","protected":false},"author":1,"featured_media":0,"parent":0,"menu_order":0,"comment_status":"closed","ping_status":"open","template":"","meta":[],"_links":{"self":[{"href":"http:\/\/bigdyspro.de\/de\/index.php?rest_route=\/wp\/v2\/pages\/54"}],"collection":[{"href":"http:\/\/bigdyspro.de\/de\/index.php?rest_route=\/wp\/v2\/pages"}],"about":[{"href":"http:\/\/bigdyspro.de\/de\/index.php?rest_route=\/wp\/v2\/types\/page"}],"author":[{"embeddable":true,"href":"http:\/\/bigdyspro.de\/de\/index.php?rest_route=\/wp\/v2\/users\/1"}],"replies":[{"embeddable":true,"href":"http:\/\/bigdyspro.de\/de\/index.php?rest_route=%2Fwp%2Fv2%2Fcomments&post=54"}],"version-history":[{"count":37,"href":"http:\/\/bigdyspro.de\/de\/index.php?rest_route=\/wp\/v2\/pages\/54\/revisions"}],"predecessor-version":[{"id":141,"href":"http:\/\/bigdyspro.de\/de\/index.php?rest_route=\/wp\/v2\/pages\/54\/revisions\/141"}],"wp:attachment":[{"href":"http:\/\/bigdyspro.de\/de\/index.php?rest_route=%2Fwp%2Fv2%2Fmedia&parent=54"}],"curies":[{"name":"wp","href":"https:\/\/api.w.org\/{rel}","templated":true}]}}