{"id":220,"date":"2011-04-02T17:02:20","date_gmt":"2011-04-02T17:02:20","guid":{"rendered":"http:\/\/bigdyspro.de\/de\/?page_id=220"},"modified":"2011-05-02T12:30:50","modified_gmt":"2011-05-02T10:30:50","slug":"vorwort","status":"publish","type":"page","link":"http:\/\/bigdyspro.de\/de\/?page_id=220","title":{"rendered":"Vorwort"},"content":{"rendered":"<p>In diesem Blog wollen wir \u00fcber unser durch das Ministerium f\u00fcr Bildung und Forschung (BMBF) gef\u00f6rdertes Forschungsprojekt BigDysPro berichten. Das Projekt hat den durch das BMBF ausgelobten Innovationspreis f\u00fcr Medizintechnik im Jahre 2009 gewonnen. Ziel dieses Projektes ist die Entwicklung einer Neuroprothese f\u00fcr die Behandlung von Schluckst\u00f6rungen.<\/p>\n<p>Wir wollen versuchen, m\u00f6glichst authentisch die Fortschritte, Fehler und Umwege eines solchen Projekt dokumentieren um die einzelnen Schritte f\u00fcr einen Aussenstehenden transparent zu machen. Dabei werden wir nicht kontinuierlich berichten k\u00f6nnen, der Beginn dieses Blogs liegt schon ca. ein Jahr nach dem Projektbeginn. Die Vorarbeiten werden schrittweise nachgetragen werden.<\/p>\n<p>Wir verfolgen mit diesem Blog drei Ziele, wir wollen zum Ersten unsere Erfahrungen zug\u00e4nglich machen, um zu motivieren. Wir wollen zum Zweiten zeigen, wie Steuergelder, die dieses Forschungsprojekt fonanzieren genutzt werden. Zum Dritten geht es uns auch darum einen oder mehrere Partner in der Industrie zu finden, die ein Interesse daran haben unsere Forschungsergebnisse in Produkte umzusetzen.<\/p>\n<div class=\"twoclick_social_bookmarks_post_220 social_share_privacy clearfix 1.6.4 locale-de_DE sprite-de_DE\"><\/div><div class=\"twoclick-js\"><script type=\"text\/javascript\">\/* <![CDATA[ *\/\njQuery(document).ready(function($){if($('.twoclick_social_bookmarks_post_220')){$('.twoclick_social_bookmarks_post_220').socialSharePrivacy({\"services\":{\"facebook\":{\"status\":\"on\",\"txt_info\":\"2 Klicks f\\u00fcr mehr Datenschutz: Erst wenn Sie hier klicken, wird der Button aktiv und Sie k\\u00f6nnen Ihre Empfehlung an Facebook senden. Schon beim Aktivieren werden Daten an Dritte \\u00fcbertragen - siehe <em>i<\\\/em>.\",\"perma_option\":\"off\",\"action\":\"recommend\",\"language\":\"de_DE\"},\"gplus\":{\"status\":\"on\",\"txt_info\":\"2 Klicks f\\u00fcr mehr Datenschutz: Erst wenn Sie hier klicken, wird der Button aktiv und Sie k\\u00f6nnen Ihre Empfehlung an Google+ senden. Schon beim Aktivieren werden Daten an Dritte \\u00fcbertragen - siehe <em>i<\\\/em>.\",\"perma_option\":\"off\",\"referrer_track\":\"\"}},\"txt_help\":\"Wenn Sie diese Felder durch einen Klick aktivieren, werden Informationen an Facebook, Twitter, Flattr, Xing, t3n, LinkedIn, Pinterest oder Google eventuell ins Ausland \\u00fcbertragen und unter Umst\\u00e4nden auch dort gespeichert. N\\u00e4heres erfahren Sie durch einen Klick auf das <em>i<\\\/em>.\",\"settings_perma\":\"Dauerhaft aktivieren und Daten\\u00fcber-tragung zustimmen:\",\"info_link\":\"http:\\\/\\\/www.heise.de\\\/ct\\\/artikel\\\/2-Klicks-fuer-mehr-Datenschutz-1333879.html\",\"uri\":\"http:\\\/\\\/bigdyspro.de\\\/de\\\/?page_id=220\",\"post_id\":220,\"post_title_referrer_track\":\"Vorwort\",\"display_infobox\":\"off\"});}});\n\/* ]]> *\/<\/script><\/div>","protected":false},"excerpt":{"rendered":"<p>In diesem Blog wollen wir \u00fcber unser durch das Ministerium f\u00fcr Bildung und Forschung (BMBF) gef\u00f6rdertes Forschungsprojekt BigDysPro berichten. Das Projekt hat den durch das BMBF ausgelobten Innovationspreis f\u00fcr Medizintechnik im Jahre 2009 gewonnen. Ziel dieses Projektes ist die Entwicklung einer Neuroprothese f\u00fcr die Behandlung von Schluckst\u00f6rungen. Wir wollen versuchen, m\u00f6glichst authentisch die Fortschritte, Fehler [&hellip;]<\/p>\n","protected":false},"author":10,"featured_media":0,"parent":0,"menu_order":0,"comment_status":"closed","ping_status":"open","template":"","meta":[],"_links":{"self":[{"href":"http:\/\/bigdyspro.de\/de\/index.php?rest_route=\/wp\/v2\/pages\/220"}],"collection":[{"href":"http:\/\/bigdyspro.de\/de\/index.php?rest_route=\/wp\/v2\/pages"}],"about":[{"href":"http:\/\/bigdyspro.de\/de\/index.php?rest_route=\/wp\/v2\/types\/page"}],"author":[{"embeddable":true,"href":"http:\/\/bigdyspro.de\/de\/index.php?rest_route=\/wp\/v2\/users\/10"}],"replies":[{"embeddable":true,"href":"http:\/\/bigdyspro.de\/de\/index.php?rest_route=%2Fwp%2Fv2%2Fcomments&post=220"}],"version-history":[{"count":9,"href":"http:\/\/bigdyspro.de\/de\/index.php?rest_route=\/wp\/v2\/pages\/220\/revisions"}],"predecessor-version":[{"id":410,"href":"http:\/\/bigdyspro.de\/de\/index.php?rest_route=\/wp\/v2\/pages\/220\/revisions\/410"}],"wp:attachment":[{"href":"http:\/\/bigdyspro.de\/de\/index.php?rest_route=%2Fwp%2Fv2%2Fmedia&parent=220"}],"curies":[{"name":"wp","href":"https:\/\/api.w.org\/{rel}","templated":true}]}}