{"id":203,"date":"2011-02-22T13:44:58","date_gmt":"2011-02-22T13:44:58","guid":{"rendered":"http:\/\/bigdyspro.de\/de\/?page_id=203"},"modified":"2015-11-16T07:34:18","modified_gmt":"2015-11-16T06:34:18","slug":"links","status":"publish","type":"page","link":"http:\/\/bigdyspro.de\/de\/?page_id=203","title":{"rendered":"Links"},"content":{"rendered":"<table style=\"width: 415px;\" border=\"0\" cellspacing=\"0\" cellpadding=\"0\">\n<tbody>\n<tr>\n<td height=\"15\"><strong>Das Projekt wird gef\u00f6rdert durch<\/strong><\/td>\n<td><\/td>\n<\/tr>\n<tr>\n<td valign=\"top\"><strong>Bundesministerium f\u00fcr<br \/>\nBildung und Forschung<\/strong><\/td>\n<td valign=\"top\"><a title=\"BMBF\" href=\"http:\/\/www.bmbf.de\" target=\"_blank\"><img loading=\"lazy\" class=\"alignright size-full wp-image-144\" title=\"BMBF\" src=\"http:\/\/bigdyspro.de\/de\/wp-content\/uploads\/2011\/02\/b_bmbf.jpg\" alt=\"\" width=\"125\" height=\"56\" \/><\/a><\/td>\n<\/tr>\n<tr>\n<td style=\"border-bottom: 1px solid #ffffff;\" height=\"15\"><\/td>\n<td style=\"border-bottom: 1px solid #ffffff;\"><\/td>\n<\/tr>\n<tr>\n<td height=\"15\"><strong>Das Projekt wird realisiert von <\/strong><\/td>\n<td><\/td>\n<\/tr>\n<tr>\n<td valign=\"top\" width=\"295\"><strong>Fachgebiet Regelungssysteme<br \/>\nTechnische Universit\u00e4t Berlin<\/strong><\/td>\n<td valign=\"top\" width=\"135\"><a title=\"TU Berlin\" href=\"http:\/\/www.control.tu-berlin.de\/Welcome\" target=\"_blank\"><img loading=\"lazy\" class=\"alignright size-full wp-image-145\" title=\"TU Berlin\" src=\"http:\/\/bigdyspro.de\/de\/wp-content\/uploads\/2011\/02\/b_tu_berlin.jpg\" alt=\"\" width=\"125\" height=\"56\" \/><\/a><\/td>\n<\/tr>\n<tr>\n<td height=\"15\"><\/td>\n<td><\/td>\n<\/tr>\n<tr>\n<td valign=\"top\"><strong>Klinik f\u00fcr Hals-Nasen-Ohren-Krankheiten<br \/>\nUnfallkrankenhaus Berlin<\/strong><\/td>\n<td valign=\"top\"><a title=\"ukb\" href=\"http:\/\/www.ukb.de\/behandlungsspektrum\/klinik-fuer-hals-nasen-und-ohrenheilkunde\/\" target=\"_blank\"><img loading=\"lazy\" class=\"alignright size-full wp-image-147\" title=\"ukb\" src=\"http:\/\/bigdyspro.de\/de\/wp-content\/uploads\/2011\/02\/b_ukb.jpg\" alt=\"\" width=\"125\" height=\"56\" \/><\/a><\/td>\n<\/tr>\n<tr>\n<td height=\"15\"><\/td>\n<td><\/td>\n<\/tr>\n<tr>\n<td height=\"15\"><strong>Hasomed<\/strong><\/td>\n<td><a href=\"http:\/\/www.hasomed.de\/de\/home.html\" target=\"_blank\" class=\"broken_link\"><img loading=\"lazy\" class=\"aligncenter\" src=\"http:\/\/www.hasomed.de\/fileadmin\/Hasomed\/resources\/public\/images\/logo-hasomed.png\" alt=\"Hasomed GmbH\" width=\"110\" height=\"36\" \/><\/a><\/td>\n<\/tr>\n<tr>\n<td style=\"border-bottom: 1px solid #ffffff;\" height=\"15\"><\/td>\n<td style=\"border-bottom: 1px solid #ffffff;\"><\/td>\n<\/tr>\n<tr>\n<td valign=\"top\"><strong>Die Seite wurde gestaltet von<\/strong><\/td>\n<\/tr>\n<tr>\n<td height=\"15\"><strong> rotbraun Informationsgestaltung<\/strong><\/td>\n<td style=\"text-align: center;\"><a href=\"http:\/\/www.rotbraun.de\/\" target=\"_blank\">www.rotbraun.de<\/a><\/td>\n<\/tr>\n<\/tbody>\n<\/table>\n<p>&nbsp;<\/p>\n<div class=\"twoclick_social_bookmarks_post_203 social_share_privacy clearfix 1.6.4 locale-de_DE sprite-de_DE\"><\/div><div class=\"twoclick-js\"><script type=\"text\/javascript\">\/* <![CDATA[ *\/\njQuery(document).ready(function($){if($('.twoclick_social_bookmarks_post_203')){$('.twoclick_social_bookmarks_post_203').socialSharePrivacy({\"services\":{\"facebook\":{\"status\":\"on\",\"txt_info\":\"2 Klicks f\\u00fcr mehr Datenschutz: Erst wenn Sie hier klicken, wird der Button aktiv und Sie k\\u00f6nnen Ihre Empfehlung an Facebook senden. Schon beim Aktivieren werden Daten an Dritte \\u00fcbertragen - siehe <em>i<\\\/em>.\",\"perma_option\":\"off\",\"action\":\"recommend\",\"language\":\"de_DE\"},\"gplus\":{\"status\":\"on\",\"txt_info\":\"2 Klicks f\\u00fcr mehr Datenschutz: Erst wenn Sie hier klicken, wird der Button aktiv und Sie k\\u00f6nnen Ihre Empfehlung an Google+ senden. Schon beim Aktivieren werden Daten an Dritte \\u00fcbertragen - siehe <em>i<\\\/em>.\",\"perma_option\":\"off\",\"referrer_track\":\"\"}},\"txt_help\":\"Wenn Sie diese Felder durch einen Klick aktivieren, werden Informationen an Facebook, Twitter, Flattr, Xing, t3n, LinkedIn, Pinterest oder Google eventuell ins Ausland \\u00fcbertragen und unter Umst\\u00e4nden auch dort gespeichert. N\\u00e4heres erfahren Sie durch einen Klick auf das <em>i<\\\/em>.\",\"settings_perma\":\"Dauerhaft aktivieren und Daten\\u00fcber-tragung zustimmen:\",\"info_link\":\"http:\\\/\\\/www.heise.de\\\/ct\\\/artikel\\\/2-Klicks-fuer-mehr-Datenschutz-1333879.html\",\"uri\":\"http:\\\/\\\/bigdyspro.de\\\/de\\\/?page_id=203\",\"post_id\":203,\"post_title_referrer_track\":\"Links\",\"display_infobox\":\"off\"});}});\n\/* ]]> *\/<\/script><\/div>","protected":false},"excerpt":{"rendered":"<p>Das Projekt wird gef\u00f6rdert durch Bundesministerium f\u00fcr Bildung und Forschung Das Projekt wird realisiert von Fachgebiet Regelungssysteme Technische Universit\u00e4t Berlin Klinik f\u00fcr Hals-Nasen-Ohren-Krankheiten Unfallkrankenhaus Berlin Hasomed Die Seite wurde gestaltet von rotbraun Informationsgestaltung www.rotbraun.de &nbsp;<\/p>\n","protected":false},"author":1,"featured_media":0,"parent":0,"menu_order":2,"comment_status":"closed","ping_status":"open","template":"","meta":[],"_links":{"self":[{"href":"http:\/\/bigdyspro.de\/de\/index.php?rest_route=\/wp\/v2\/pages\/203"}],"collection":[{"href":"http:\/\/bigdyspro.de\/de\/index.php?rest_route=\/wp\/v2\/pages"}],"about":[{"href":"http:\/\/bigdyspro.de\/de\/index.php?rest_route=\/wp\/v2\/types\/page"}],"author":[{"embeddable":true,"href":"http:\/\/bigdyspro.de\/de\/index.php?rest_route=\/wp\/v2\/users\/1"}],"replies":[{"embeddable":true,"href":"http:\/\/bigdyspro.de\/de\/index.php?rest_route=%2Fwp%2Fv2%2Fcomments&post=203"}],"version-history":[{"count":24,"href":"http:\/\/bigdyspro.de\/de\/index.php?rest_route=\/wp\/v2\/pages\/203\/revisions"}],"predecessor-version":[{"id":632,"href":"http:\/\/bigdyspro.de\/de\/index.php?rest_route=\/wp\/v2\/pages\/203\/revisions\/632"}],"wp:attachment":[{"href":"http:\/\/bigdyspro.de\/de\/index.php?rest_route=%2Fwp%2Fv2%2Fmedia&parent=203"}],"curies":[{"name":"wp","href":"https:\/\/api.w.org\/{rel}","templated":true}]}}